{"id":9777,"date":"2023-08-31T10:49:11","date_gmt":"2023-08-31T08:49:11","guid":{"rendered":"https:\/\/www.sp2go.info\/?page_id=9777"},"modified":"2023-08-31T10:51:10","modified_gmt":"2023-08-31T08:51:10","slug":"data-policy","status":"publish","type":"page","link":"https:\/\/www.sp2go.info\/en\/data-policy\/","title":{"rendered":"Data Policy"},"content":{"rendered":"\t\t<div data-elementor-type=\"wp-page\" data-elementor-id=\"9777\" class=\"elementor elementor-9777 elementor-9776\">\n\t\t\t\t\t\t<section class=\"elementor-section elementor-top-section elementor-element elementor-element-de43569 elementor-section-boxed elementor-section-height-default elementor-section-height-default qodef-gradient-background--no qodef-elementor-content-no\" data-id=\"de43569\" data-element_type=\"section\" data-settings=\"{&quot;tmea_shape_divider_top&quot;:&quot;none&quot;,&quot;tmea_shape_divider_bottom&quot;:&quot;none&quot;}\">\n\t\t\t\t\t\t<div class=\"elementor-container elementor-column-gap-default\">\n\t\t\t\t\t<div class=\"elementor-column elementor-col-33 elementor-top-column elementor-element elementor-element-041d150 elementor-hidden-mobile qodef-gradient-background-column--no\" data-id=\"041d150\" data-element_type=\"column\">\n\t\t\t<div class=\"elementor-widget-wrap\">\n\t\t\t\t\t\t\t<\/div>\n\t\t<\/div>\n\t\t\t\t<div class=\"elementor-column elementor-col-33 elementor-top-column elementor-element elementor-element-5f9fe6a qodef-gradient-background-column--no\" data-id=\"5f9fe6a\" data-element_type=\"column\">\n\t\t\t<div class=\"elementor-widget-wrap elementor-element-populated\">\n\t\t\t\t\t\t<div class=\"elementor-element elementor-element-9336cf4 elementor-widget elementor-widget-text-editor\" data-id=\"9336cf4\" data-element_type=\"widget\" data-widget_type=\"text-editor.default\">\n\t\t\t\t<div class=\"elementor-widget-container\">\n\t\t\t\t\t\t\t\t\t<p>Der Schutz Ihrer personenbezogenen Daten bei der Erhebung, Verarbeitung und Nutzung anl\u00e4sslich Ihres Besuchs auf unseren Internetseiten ist uns ein wichtiges Anliegen und erfolgt im Rahmen der gesetzlichen Vorschriften, \u00fcber die Sie sich z.B. unter www.bfd.bund.de informieren k\u00f6nnen.\u2028Im Folgenden erl\u00e4utern wir Ihnen, welche Informationen wir w\u00e4hrend Ihres\u2028Besuchs auf unseren Webseiten erfassen und wie diese genutzt werden:<\/p><h5>Bei Nutzung unseres Kontaktformulars<\/h5><p>Bei Fragen jeglicher Art bieten wir Ihnen die M\u00f6glichkeit, mit uns \u00fcber ein auf der Webseite bereitgestelltes Formular Kontakt aufzunehmen. Dabei sind mindestens die folgenden Angaben erforderlich: Name, E-Mail, Firma, damit wir wissen, von wem die Anfrage stammt und um diese beantworten zu k\u00f6nnen. Weitere Angaben k\u00f6nnen freiwillig get\u00e4tigt werden. Die Datenverarbeitung zum Zwecke der Kontaktaufnahme mit uns erfolgt gem. Art. 6 Abs. 1 S. 1 lit. a DSGVO auf Grundlage Ihrer freiwillig erteilten Einwilligung. Die f\u00fcr die Benutzung des Kontaktformulars von uns erhobenen personenbezogenen Daten werden nach Erledigung der von Ihnen gestellten Anfrage automatisch gel\u00f6scht.<\/p><h5>Bei Abschluss eines Vertragsverh\u00e4ltnisses<\/h5><p>Bei Abschluss eines Vertragsverh\u00e4ltnisses auf unserer Webseite bitten wir Sie um die Angaben folgender personenbezogener Daten: \u2013 Daten, die Sie pers\u00f6nlich identifizieren wie Name und E-Mail-Adresse \u2013 Kontaktdaten, wie Anschrift Rechnungs- und Lieferanschrift\/ und Telefonnummer \u2013 Daten, die Ihr Unternehmen identifizieren, wie Firma, Anschrift, Kommunikationsdaten (E-Mail-Adresse, Telefon-, Faxnummer), ggf. USt-ID oder Steuernummer) \u2013 Informationen zu Ihrem Zahlungsmittel \u2013 weitere personenbezogene Daten, zu deren Erfassung und Verarbeitung wir gesetzlich verpflichtet oder berechtigt sind und die wir f\u00fcr Ihre Authentifizierung, Identifizierung oder zur \u00dcberpr\u00fcfung der von uns erhobenen Daten ben\u00f6tigen. Die genannten Daten werden zur Abwicklung des Vertragsverh\u00e4ltnisses verarbeitet. Die Verarbeitung der Daten erfolgt aufgrund von Art. 6 Abs. 1 lit. b DSGVO. Die Speicherfrist ist auf den Vertragszweck und, sofern vorhanden, gesetzliche und vertragliche Aufbewahrungspflichten beschr\u00e4nkt.<\/p><h5>Einsatz von Zahlungsdienstleistern<\/h5><p>Zur Bezahlung von mit uns kostenpflichtig abgeschlossenen Vertr\u00e4gen arbeiten wir zudem mit Zahlungsdienstleistern zusammen. Ihre Zahlungsdaten geben wir im Rahmen der Zahlungsabwicklung \u2013 zweckgebunden auf die Zahlung \u2013 an den beauftragten Zahlungsdienstleister weiter, sofern dies f\u00fcr die Zahlungsabwicklung erforderlich ist. Rechtsgrundlage f\u00fcr die Weitergabe der Daten ist hierbei jeweils Art. 6 Abs. 1 lit. b DSGVO.<\/p><h5>Weitergabe von personenbezogenen Daten<\/h5><p>Eine \u00dcbermittlung Ihrer Daten an Dritte zu anderen als den im Folgenden aufgef\u00fchrten Zwecken findet nicht statt.\u2028Wir geben Ihre Daten nur an Dritte weiter, wenn:<\/p><ul><li>\u2028\u2028Sie eine ausdr\u00fcckliche Einwilligung dazu erteilt haben nach (Art. 6 Abs. 1 S. 1 lit. a DSGVO),<\/li><li>dies f\u00fcr die Abwicklung von Vertragsverh\u00e4ltnissen mit Ihnen erforderlich ist (Art. 6 Abs. 1 lit. b DSGVO),<\/li><li>eine gesetzliche Verpflichtung zur Weitergabe besteht (Art.6 Abs.1 lit. c DSGVO),<\/li><li>die Weitergabe zur Geltendmachung, Aus\u00fcbung oder Verteidigung von Rechtsanspr\u00fcchen erforderlich ist und kein Grund zur Annahme besteht, dass Sie ein \u00fcberwiegendes schutzw\u00fcrdiges Interesse an der Nichtweitergabe Ihrer Daten haben (Art. 6 Abs. 1 S. 1 lit. f DSGVO).<\/li><\/ul><p>In diesen F\u00e4llen beschr\u00e4nkt sich der Umfang der \u00fcbermittelten Daten jedoch nur auf das erforderliche Minimum. Unsere Datenschutzbestimmungen stehen im Einklang mit den geltenden datenschutzrechtlichen Bestimmungen und die Daten werden nur in der Bundesrepublik Deutschland \/ Europ\u00e4ischen Union verarbeitet. Eine \u00dcbermittlung in Drittl\u00e4nder findet nicht statt und ist nicht beabsichtigt.<\/p>\t\t\t\t\t\t\t\t<\/div>\n\t\t\t\t<\/div>\n\t\t\t\t\t<\/div>\n\t\t<\/div>\n\t\t\t\t<div class=\"elementor-column elementor-col-33 elementor-top-column elementor-element elementor-element-8abd68b elementor-hidden-mobile qodef-gradient-background-column--no\" data-id=\"8abd68b\" data-element_type=\"column\">\n\t\t\t<div class=\"elementor-widget-wrap\">\n\t\t\t\t\t\t\t<\/div>\n\t\t<\/div>\n\t\t\t\t\t<\/div>\n\t\t<\/section>\n\t\t\t\t<section class=\"elementor-section elementor-top-section elementor-element elementor-element-4d87173 elementor-section-full_width elementor-section-height-default elementor-section-height-default qodef-gradient-background--no qodef-elementor-content-no\" data-id=\"4d87173\" data-element_type=\"section\" data-settings=\"{&quot;background_background&quot;:&quot;classic&quot;,&quot;tmea_shape_divider_top&quot;:&quot;none&quot;,&quot;tmea_shape_divider_bottom&quot;:&quot;none&quot;}\">\n\t\t\t\t\t\t<div class=\"elementor-container elementor-column-gap-default\">\n\t\t\t\t\t<div class=\"elementor-column elementor-col-100 elementor-top-column elementor-element elementor-element-f9cb712 qodef-gradient-background-column--no\" data-id=\"f9cb712\" data-element_type=\"column\">\n\t\t\t<div class=\"elementor-widget-wrap elementor-element-populated\">\n\t\t\t\t\t\t<div class=\"elementor-element elementor-element-0fd6f57 elementor-align-center elementor-mobile-align-justify elementor-widget elementor-widget-button\" data-id=\"0fd6f57\" data-element_type=\"widget\" data-widget_type=\"button.default\">\n\t\t\t\t<div class=\"elementor-widget-container\">\n\t\t\t\t\t\t\t\t\t<div class=\"elementor-button-wrapper\">\n\t\t\t\t\t<a class=\"elementor-button elementor-button-link elementor-size-xl\" href=\"https:\/\/www.sp2go.info\/en\/how-much-does-the-mea-sp2go-application-cost\/\">\n\t\t\t\t\t\t<span class=\"elementor-button-content-wrapper\">\n\t\t\t\t\t\t\t\t\t<span class=\"elementor-button-text\">Was kostet die MEA sp2go Applikation?<\/span>\n\t\t\t\t\t<\/span>\n\t\t\t\t\t<\/a>\n\t\t\t\t<\/div>\n\t\t\t\t\t\t\t\t<\/div>\n\t\t\t\t<\/div>\n\t\t\t\t\t<\/div>\n\t\t<\/div>\n\t\t\t\t\t<\/div>\n\t\t<\/section>\n\t\t\t\t<section class=\"elementor-section elementor-top-section elementor-element elementor-element-2641edb elementor-section-boxed elementor-section-height-default elementor-section-height-default qodef-gradient-background--no qodef-elementor-content-no\" data-id=\"2641edb\" data-element_type=\"section\" data-settings=\"{&quot;background_background&quot;:&quot;classic&quot;,&quot;tmea_shape_divider_top&quot;:&quot;none&quot;,&quot;tmea_shape_divider_bottom&quot;:&quot;none&quot;}\">\n\t\t\t\t\t\t<div class=\"elementor-container elementor-column-gap-default\">\n\t\t\t\t\t<div class=\"elementor-column elementor-col-100 elementor-top-column elementor-element elementor-element-821a3ca qodef-gradient-background-column--no\" data-id=\"821a3ca\" data-element_type=\"column\">\n\t\t\t<div class=\"elementor-widget-wrap elementor-element-populated\">\n\t\t\t\t\t\t<div class=\"elementor-element elementor-element-ade09c1 elementor-widget elementor-widget-tme-smart_menu\" data-id=\"ade09c1\" data-element_type=\"widget\" data-widget_type=\"tme-smart_menu.default\">\n\t\t\t\t<div class=\"elementor-widget-container\">\n\t\t\t\t\t        <div style=\"display:none;\" class=\"tmea-smart-menu-container \" data-animin=\"\" data-animout=\"\" data-collapsiblebehavior=\"link\" data-mainmenusuboffsetx=\"0\" data-mainmenusuboffsety=\"0\" data-submenussuboffsetx=\"0\" data-submenussuboffsety=\"0\" data-submenumin=\"10em\"  data-submenumax=\"20em\" data-rtlsubmenu=\"\" data-mtoggle=\"\" data-bpoint=\"1\">\n                    <nav id=\"tmea-smart-menu-wrapper-ade09c1\" class=\"tmea-smart-menu-wrapper\"><ul id=\"tmea-smart-menu-ade09c1\" class=\"tmea-smart-menu sm tmea-sm-skin animated sm-vertical caret \"><li id=\"menu-item-8728\" class=\"menu-item menu-item-type-post_type menu-item-object-page menu-item-8728\"><a href=\"https:\/\/www.sp2go.info\/ueber-uns\/\">About Us<\/a><\/li>\n<li id=\"menu-item-9786\" class=\"menu-item menu-item-type-post_type menu-item-object-page menu-item-9786\"><a href=\"https:\/\/www.sp2go.info\/datenschutzerklaerung\/\">Data Policy<\/a><\/li>\n<li id=\"menu-item-8725\" class=\"menu-item menu-item-type-post_type menu-item-object-page menu-item-8725\"><a href=\"https:\/\/www.sp2go.info\/impressum\/\">Imprint<\/a><\/li>\n<\/ul><\/nav>        <\/div>\n\t\t\t\t\t<\/div>\n\t\t\t\t<\/div>\n\t\t\t\t\t<\/div>\n\t\t<\/div>\n\t\t\t\t\t<\/div>\n\t\t<\/section>\n\t\t\t\t<section class=\"elementor-section elementor-top-section elementor-element elementor-element-3fadf61 elementor-section-boxed elementor-section-height-default elementor-section-height-default qodef-gradient-background--no qodef-elementor-content-no\" data-id=\"3fadf61\" data-element_type=\"section\" data-settings=\"{&quot;tmea_shape_divider_top&quot;:&quot;none&quot;,&quot;tmea_shape_divider_bottom&quot;:&quot;none&quot;}\">\n\t\t\t\t\t\t<div class=\"elementor-container elementor-column-gap-default\">\n\t\t\t\t\t<div class=\"elementor-column elementor-col-25 elementor-top-column elementor-element elementor-element-dda1663 qodef-gradient-background-column--no\" data-id=\"dda1663\" data-element_type=\"column\">\n\t\t\t<div class=\"elementor-widget-wrap elementor-element-populated\">\n\t\t\t\t\t\t<div class=\"elementor-element elementor-element-ca9aba5 elementor-widget elementor-widget-text-editor\" data-id=\"ca9aba5\" data-element_type=\"widget\" data-widget_type=\"text-editor.default\">\n\t\t\t\t<div class=\"elementor-widget-container\">\n\t\t\t\t\t\t\t\t\t<p style=\"text-align: center; font-size: 12px;\"><span style=\"color: #000000;\">Copyright \u00a9 2021, MEA brand building GmbH. All rights reserved.<\/span><\/p>\n\t\t\t\t\t\t\t\t<\/div>\n\t\t\t\t<\/div>\n\t\t\t\t\t<\/div>\n\t\t<\/div>\n\t\t\t\t<div class=\"elementor-column elementor-col-50 elementor-top-column elementor-element elementor-element-f6ac13c qodef-gradient-background-column--no\" data-id=\"f6ac13c\" data-element_type=\"column\">\n\t\t\t<div class=\"elementor-widget-wrap elementor-element-populated\">\n\t\t\t\t\t\t<div class=\"elementor-element elementor-element-e13c47b elementor-widget elementor-widget-image\" data-id=\"e13c47b\" data-element_type=\"widget\" data-widget_type=\"image.default\">\n\t\t\t\t<div class=\"elementor-widget-container\">\n\t\t\t\t\t\t\t\t\t\t\t\t\t\t\t\t<a href=\"https:\/\/www.meabb.com\/\" target=\"_blank\">\n\t\t\t\t\t\t\t<img decoding=\"async\" src=\"https:\/\/www.sp2go.info\/wp-content\/uploads\/2022\/01\/Logo_MEA_blk.svg\" title=\"Logo_MEA_blk\" alt=\"Logo_MEA_blk\" loading=\"lazy\" \/>\t\t\t\t\t\t\t\t<\/a>\n\t\t\t\t\t\t\t\t\t\t\t\t\t\t\t<\/div>\n\t\t\t\t<\/div>\n\t\t\t\t\t<\/div>\n\t\t<\/div>\n\t\t\t\t<div class=\"elementor-column elementor-col-25 elementor-top-column elementor-element elementor-element-84b2412 qodef-gradient-background-column--no\" data-id=\"84b2412\" data-element_type=\"column\">\n\t\t\t<div class=\"elementor-widget-wrap elementor-element-populated\">\n\t\t\t\t\t\t<div class=\"elementor-element elementor-element-56cb8c6 elementor-widget elementor-widget-text-editor\" data-id=\"56cb8c6\" data-element_type=\"widget\" data-widget_type=\"text-editor.default\">\n\t\t\t\t<div class=\"elementor-widget-container\">\n\t\t\t\t\t\t\t\t\t<p style=\"text-align: center; font-size: 12px;\"><span style=\"color: #000000;\">Bleibtreustra\u00dfe 38, 10623 Berlin, +49 (30) 3 999 35 -0<\/span><\/p>\n\t\t\t\t\t\t\t\t<\/div>\n\t\t\t\t<\/div>\n\t\t\t\t\t<\/div>\n\t\t<\/div>\n\t\t\t\t\t<\/div>\n\t\t<\/section>\n\t\t\t\t<\/div>\n\t\t","protected":false},"excerpt":{"rendered":"<p>Der Schutz Ihrer personenbezogenen Daten bei der Erhebung, Verarbeitung und Nutzung anl\u00e4sslich Ihres Besuchs auf unseren Internetseiten ist uns ein wichtiges Anliegen und erfolgt im Rahmen der gesetzlichen Vorschriften, \u00fcber die Sie sich z.B. unter www.bfd.bund.de informieren k\u00f6nnen.\u2028Im Folgenden erl\u00e4utern wir Ihnen, welche Informationen wir w\u00e4hrend Ihres\u2028Besuchs auf unseren Webseiten erfassen und wie diese genutzt [&hellip;]<\/p>\n","protected":false},"author":1,"featured_media":0,"parent":0,"menu_order":0,"comment_status":"closed","ping_status":"closed","template":"page-full-width.php","meta":{"footnotes":""},"class_list":["post-9777","page","type-page","status-publish","hentry"],"_links":{"self":[{"href":"https:\/\/www.sp2go.info\/en\/wp-json\/wp\/v2\/pages\/9777","targetHints":{"allow":["GET"]}}],"collection":[{"href":"https:\/\/www.sp2go.info\/en\/wp-json\/wp\/v2\/pages"}],"about":[{"href":"https:\/\/www.sp2go.info\/en\/wp-json\/wp\/v2\/types\/page"}],"author":[{"embeddable":true,"href":"https:\/\/www.sp2go.info\/en\/wp-json\/wp\/v2\/users\/1"}],"replies":[{"embeddable":true,"href":"https:\/\/www.sp2go.info\/en\/wp-json\/wp\/v2\/comments?post=9777"}],"version-history":[{"count":8,"href":"https:\/\/www.sp2go.info\/en\/wp-json\/wp\/v2\/pages\/9777\/revisions"}],"predecessor-version":[{"id":9793,"href":"https:\/\/www.sp2go.info\/en\/wp-json\/wp\/v2\/pages\/9777\/revisions\/9793"}],"wp:attachment":[{"href":"https:\/\/www.sp2go.info\/en\/wp-json\/wp\/v2\/media?parent=9777"}],"curies":[{"name":"wp","href":"https:\/\/api.w.org\/{rel}","templated":true}]}}